{"id":3343,"date":"2020-06-30T15:55:39","date_gmt":"2020-06-30T15:55:39","guid":{"rendered":"https:\/\/preview.amphitec.com\/amphitec-roots-blowers-als-basis-voor-kracht\/"},"modified":"2020-11-30T09:11:05","modified_gmt":"2020-11-30T09:11:05","slug":"zasysanie-z-proznia","status":"publish","type":"page","link":"https:\/\/amphitec.com\/pl\/zasysanie-z-proznia\/","title":{"rendered":"Zasysanie z pr\u00f3\u017cni\u0105"},"content":{"rendered":"","protected":false},"excerpt":{"rendered":"","protected":false},"author":317,"featured_media":1925,"parent":0,"menu_order":47,"comment_status":"closed","ping_status":"closed","template":"","meta":{"footnotes":""},"class_list":["post-3343","page","type-page","status-publish","has-post-thumbnail","hentry"],"acf":[],"yoast_head":"<!-- This site is optimized with the Yoast SEO plugin v27.4 - https:\/\/yoast.com\/product\/yoast-seo-wordpress\/ -->\n<title>Zasysanie z pr\u00f3\u017cni\u0105 - Amphitec<\/title>\n<meta name=\"robots\" content=\"index, follow, max-snippet:-1, max-image-preview:large, max-video-preview:-1\" \/>\n<link rel=\"canonical\" href=\"https:\/\/amphitec.com\/pl\/zasysanie-z-proznia\/\" \/>\n<meta property=\"og:locale\" content=\"pl_PL\" \/>\n<meta property=\"og:type\" content=\"article\" \/>\n<meta property=\"og:title\" content=\"Zasysanie z pr\u00f3\u017cni\u0105 - Amphitec\" \/>\n<meta property=\"og:url\" content=\"https:\/\/amphitec.com\/pl\/zasysanie-z-proznia\/\" \/>\n<meta property=\"og:site_name\" content=\"Amphitec\" \/>\n<meta property=\"article:modified_time\" content=\"2020-11-30T09:11:05+00:00\" \/>\n<meta property=\"og:image\" content=\"https:\/\/amphitec.com\/wp-content\/uploads\/2020\/06\/blog-1_enormous-power.jpg\" \/>\n\t<meta property=\"og:image:width\" content=\"800\" \/>\n\t<meta property=\"og:image:height\" content=\"325\" \/>\n\t<meta property=\"og:image:type\" content=\"image\/jpeg\" \/>\n<meta name=\"twitter:card\" content=\"summary_large_image\" \/>\n<script type=\"application\/ld+json\" class=\"yoast-schema-graph\">{\"@context\":\"https:\\\/\\\/schema.org\",\"@graph\":[{\"@type\":\"WebPage\",\"@id\":\"https:\\\/\\\/amphitec.com\\\/pl\\\/zasysanie-z-proznia\\\/\",\"url\":\"https:\\\/\\\/amphitec.com\\\/pl\\\/zasysanie-z-proznia\\\/\",\"name\":\"Zasysanie z pr\u00f3\u017cni\u0105 - Amphitec\",\"isPartOf\":{\"@id\":\"https:\\\/\\\/amphitec.com\\\/pl\\\/#website\"},\"primaryImageOfPage\":{\"@id\":\"https:\\\/\\\/amphitec.com\\\/pl\\\/zasysanie-z-proznia\\\/#primaryimage\"},\"image\":{\"@id\":\"https:\\\/\\\/amphitec.com\\\/pl\\\/zasysanie-z-proznia\\\/#primaryimage\"},\"thumbnailUrl\":\"https:\\\/\\\/amphitec.com\\\/wp-content\\\/uploads\\\/2020\\\/06\\\/blog-1_enormous-power.jpg\",\"datePublished\":\"2020-06-30T15:55:39+00:00\",\"dateModified\":\"2020-11-30T09:11:05+00:00\",\"breadcrumb\":{\"@id\":\"https:\\\/\\\/amphitec.com\\\/pl\\\/zasysanie-z-proznia\\\/#breadcrumb\"},\"inLanguage\":\"pl-PL\",\"potentialAction\":[{\"@type\":\"ReadAction\",\"target\":[\"https:\\\/\\\/amphitec.com\\\/pl\\\/zasysanie-z-proznia\\\/\"]}]},{\"@type\":\"ImageObject\",\"inLanguage\":\"pl-PL\",\"@id\":\"https:\\\/\\\/amphitec.com\\\/pl\\\/zasysanie-z-proznia\\\/#primaryimage\",\"url\":\"https:\\\/\\\/amphitec.com\\\/wp-content\\\/uploads\\\/2020\\\/06\\\/blog-1_enormous-power.jpg\",\"contentUrl\":\"https:\\\/\\\/amphitec.com\\\/wp-content\\\/uploads\\\/2020\\\/06\\\/blog-1_enormous-power.jpg\",\"width\":800,\"height\":325},{\"@type\":\"BreadcrumbList\",\"@id\":\"https:\\\/\\\/amphitec.com\\\/pl\\\/zasysanie-z-proznia\\\/#breadcrumb\",\"itemListElement\":[{\"@type\":\"ListItem\",\"position\":1,\"name\":\"Home\",\"item\":\"https:\\\/\\\/amphitec.com\\\/pl\\\/\"},{\"@type\":\"ListItem\",\"position\":2,\"name\":\"Zasysanie z pr\u00f3\u017cni\u0105\"}]},{\"@type\":\"WebSite\",\"@id\":\"https:\\\/\\\/amphitec.com\\\/pl\\\/#website\",\"url\":\"https:\\\/\\\/amphitec.com\\\/pl\\\/\",\"name\":\"Amphitec\",\"description\":\"En nog een WordPress site\",\"potentialAction\":[{\"@type\":\"SearchAction\",\"target\":{\"@type\":\"EntryPoint\",\"urlTemplate\":\"https:\\\/\\\/amphitec.com\\\/pl\\\/?s={search_term_string}\"},\"query-input\":{\"@type\":\"PropertyValueSpecification\",\"valueRequired\":true,\"valueName\":\"search_term_string\"}}],\"inLanguage\":\"pl-PL\"}]}<\/script>\n<!-- \/ Yoast SEO plugin. -->","yoast_head_json":{"title":"Zasysanie z pr\u00f3\u017cni\u0105 - Amphitec","robots":{"index":"index","follow":"follow","max-snippet":"max-snippet:-1","max-image-preview":"max-image-preview:large","max-video-preview":"max-video-preview:-1"},"canonical":"https:\/\/amphitec.com\/pl\/zasysanie-z-proznia\/","og_locale":"pl_PL","og_type":"article","og_title":"Zasysanie z pr\u00f3\u017cni\u0105 - Amphitec","og_url":"https:\/\/amphitec.com\/pl\/zasysanie-z-proznia\/","og_site_name":"Amphitec","article_modified_time":"2020-11-30T09:11:05+00:00","og_image":[{"width":800,"height":325,"url":"https:\/\/amphitec.com\/wp-content\/uploads\/2020\/06\/blog-1_enormous-power.jpg","type":"image\/jpeg"}],"twitter_card":"summary_large_image","schema":{"@context":"https:\/\/schema.org","@graph":[{"@type":"WebPage","@id":"https:\/\/amphitec.com\/pl\/zasysanie-z-proznia\/","url":"https:\/\/amphitec.com\/pl\/zasysanie-z-proznia\/","name":"Zasysanie z pr\u00f3\u017cni\u0105 - Amphitec","isPartOf":{"@id":"https:\/\/amphitec.com\/pl\/#website"},"primaryImageOfPage":{"@id":"https:\/\/amphitec.com\/pl\/zasysanie-z-proznia\/#primaryimage"},"image":{"@id":"https:\/\/amphitec.com\/pl\/zasysanie-z-proznia\/#primaryimage"},"thumbnailUrl":"https:\/\/amphitec.com\/wp-content\/uploads\/2020\/06\/blog-1_enormous-power.jpg","datePublished":"2020-06-30T15:55:39+00:00","dateModified":"2020-11-30T09:11:05+00:00","breadcrumb":{"@id":"https:\/\/amphitec.com\/pl\/zasysanie-z-proznia\/#breadcrumb"},"inLanguage":"pl-PL","potentialAction":[{"@type":"ReadAction","target":["https:\/\/amphitec.com\/pl\/zasysanie-z-proznia\/"]}]},{"@type":"ImageObject","inLanguage":"pl-PL","@id":"https:\/\/amphitec.com\/pl\/zasysanie-z-proznia\/#primaryimage","url":"https:\/\/amphitec.com\/wp-content\/uploads\/2020\/06\/blog-1_enormous-power.jpg","contentUrl":"https:\/\/amphitec.com\/wp-content\/uploads\/2020\/06\/blog-1_enormous-power.jpg","width":800,"height":325},{"@type":"BreadcrumbList","@id":"https:\/\/amphitec.com\/pl\/zasysanie-z-proznia\/#breadcrumb","itemListElement":[{"@type":"ListItem","position":1,"name":"Home","item":"https:\/\/amphitec.com\/pl\/"},{"@type":"ListItem","position":2,"name":"Zasysanie z pr\u00f3\u017cni\u0105"}]},{"@type":"WebSite","@id":"https:\/\/amphitec.com\/pl\/#website","url":"https:\/\/amphitec.com\/pl\/","name":"Amphitec","description":"En nog een WordPress site","potentialAction":[{"@type":"SearchAction","target":{"@type":"EntryPoint","urlTemplate":"https:\/\/amphitec.com\/pl\/?s={search_term_string}"},"query-input":{"@type":"PropertyValueSpecification","valueRequired":true,"valueName":"search_term_string"}}],"inLanguage":"pl-PL"}]}},"_links":{"self":[{"href":"https:\/\/amphitec.com\/pl\/wp-json\/wp\/v2\/pages\/3343","targetHints":{"allow":["GET"]}}],"collection":[{"href":"https:\/\/amphitec.com\/pl\/wp-json\/wp\/v2\/pages"}],"about":[{"href":"https:\/\/amphitec.com\/pl\/wp-json\/wp\/v2\/types\/page"}],"author":[{"embeddable":true,"href":"https:\/\/amphitec.com\/pl\/wp-json\/wp\/v2\/users\/317"}],"replies":[{"embeddable":true,"href":"https:\/\/amphitec.com\/pl\/wp-json\/wp\/v2\/comments?post=3343"}],"version-history":[{"count":5,"href":"https:\/\/amphitec.com\/pl\/wp-json\/wp\/v2\/pages\/3343\/revisions"}],"predecessor-version":[{"id":5071,"href":"https:\/\/amphitec.com\/pl\/wp-json\/wp\/v2\/pages\/3343\/revisions\/5071"}],"wp:featuredmedia":[{"embeddable":true,"href":"https:\/\/amphitec.com\/pl\/wp-json\/wp\/v2\/media\/1925"}],"wp:attachment":[{"href":"https:\/\/amphitec.com\/pl\/wp-json\/wp\/v2\/media?parent=3343"}],"curies":[{"name":"wp","href":"https:\/\/api.w.org\/{rel}","templated":true}]}}